{"id":37,"date":"2022-12-19T02:32:04","date_gmt":"2022-12-19T01:32:04","guid":{"rendered":"https:\/\/gaviaspreview.com\/wp\/gowilds\/?page_id=37"},"modified":"2023-04-26T16:57:32","modified_gmt":"2023-04-26T14:57:32","slug":"elmenyprogramok","status":"publish","type":"page","link":"https:\/\/tiszaparton.hu\/de\/elmenyprogramok\/","title":{"rendered":"\u00c9lm\u00e9nyprogramok"},"content":{"rendered":"<div data-elementor-type=\"wp-page\" data-elementor-id=\"37\" class=\"elementor elementor-37\">\n\t\t\t\t\t\t<section class=\"elementor-section elementor-top-section elementor-element elementor-element-d0188a8 elementor-section-boxed elementor-section-height-default elementor-section-height-default\" data-id=\"d0188a8\" data-element_type=\"section\" data-settings=\"{&quot;background_background&quot;:&quot;slideshow&quot;,&quot;background_slideshow_gallery&quot;:[{&quot;id&quot;:177,&quot;url&quot;:&quot;https:\\\/\\\/gaviaspreview.com\\\/wp\\\/gowilds\\\/wp-content\\\/uploads\\\/2023\\\/01\\\/breadcrumb-01.jpg&quot;},{&quot;id&quot;:178,&quot;url&quot;:&quot;https:\\\/\\\/gaviaspreview.com\\\/wp\\\/gowilds\\\/wp-content\\\/uploads\\\/2023\\\/01\\\/breadcrumb-02.jpg&quot;}],&quot;background_slideshow_loop&quot;:&quot;yes&quot;,&quot;background_slideshow_slide_duration&quot;:5000,&quot;background_slideshow_slide_transition&quot;:&quot;fade&quot;,&quot;background_slideshow_transition_duration&quot;:500}\">\n\t\t\t\t\t\t<div class=\"elementor-container elementor-column-gap-default\">\n\t\t\t\t\t<div class=\"elementor-column elementor-col-100 elementor-top-column elementor-element elementor-element-4629001\" data-id=\"4629001\" data-element_type=\"column\">\n\t\t\t<div class=\"elementor-widget-wrap elementor-element-populated\">\n\t\t\t\t\t\t<div class=\"elementor-element elementor-element-ac1d607 elementor-widget elementor-widget-gva-heading-block\" data-id=\"ac1d607\" data-element_type=\"widget\" data-widget_type=\"gva-heading-block.default\">\n\t\t\t\t<div class=\"elementor-widget-container\">\n\t\t\t\t\t<div class=\"gva-element-gva-heading-block gva-element\">   <div class=\"align-center style-1 widget gsc-heading box-align-left auto-responsive\">\r\n      <div class=\"content-inner\">\r\n         \r\n                  \r\n         <div class=\"sub-title\"><span class=\"tagline\">a Hortob\u00e1gyi Nemzeti Park ter\u00fclet\u00e9n<\/span><\/div>  \r\n         \r\n                     <h2 class=\"title\">\r\n               <span>Programlehet\u0151s\u00e9gek a TiszapartOn<\/span>\r\n            <\/h2>\r\n                  \r\n                     <div class=\"title-desc\">Bar\u00e1ti t\u00e1rsas\u00e1goknak, p\u00e1roknak, csal\u00e1doknak, elvonulni v\u00e1gy\u00f3knak.<\/div>\r\n         \r\n         \r\n      <\/div>\r\n   <\/div>\r\n<\/div>\t\t\t\t<\/div>\n\t\t\t\t<\/div>\n\t\t\t\t\t<\/div>\n\t\t<\/div>\n\t\t\t\t\t<\/div>\n\t\t<\/section>\n\t\t\t\t<section class=\"elementor-section elementor-top-section elementor-element elementor-element-0a1772c elementor-section-boxed elementor-section-height-default elementor-section-height-default\" data-id=\"0a1772c\" data-element_type=\"section\">\n\t\t\t\t\t\t<div class=\"elementor-container elementor-column-gap-default\">\n\t\t\t\t\t<div class=\"elementor-column elementor-col-100 elementor-top-column elementor-element elementor-element-3073e6e\" data-id=\"3073e6e\" data-element_type=\"column\">\n\t\t\t<div class=\"elementor-widget-wrap elementor-element-populated\">\n\t\t\t\t\t\t<div class=\"elementor-element elementor-element-d1c7e77 elementor-widget elementor-widget-gva_ba_booking\" data-id=\"d1c7e77\" data-element_type=\"widget\" data-widget_type=\"gva_ba_booking.default\">\n\t\t\t\t<div class=\"elementor-widget-container\">\n\t\t\t\t\t<div class=\"gva-element-gva_ba_booking gva-element\">  \r\n  \t<div class=\"gva-booking-grid clearfix gva-booking-allitems\">\r\n\t\t<div class=\"gva-content-items\"> \r\n\t\t\t<div class=\"lg-block-grid-3 md-block-grid-3 sm-block-grid-2 xs-block-grid-1 xx-block-grid-1\">\r\n\t\t\t\t\t\t\t<\/div>\r\n         <div class=\"babe_pager\"><\/div>\t\t<\/div>\r\n  \t<\/div>\r\n  <\/div>\t\t\t\t<\/div>\n\t\t\t\t<\/div>\n\t\t\t\t\t<\/div>\n\t\t<\/div>\n\t\t\t\t\t<\/div>\n\t\t<\/section>\n\t\t\t\t<\/div>","protected":false},"excerpt":{"rendered":"<p>a Hortob\u00e1gyi Nemzeti Park ter\u00fclet\u00e9n Programlehet\u0151s\u00e9gek a TiszapartOn Bar\u00e1ti t\u00e1rsas\u00e1goknak, p\u00e1roknak, csal\u00e1doknak, elvonulni v\u00e1gy\u00f3knak. 4.33 by 3 reviews Quality4 Location4.67 Amenities4 Services5 Price4 5 P\u00e1ros Tantra massz\u00e1zs 2 Explore Featured [&hellip;]<\/p>","protected":false},"author":1,"featured_media":0,"parent":0,"menu_order":0,"comment_status":"closed","ping_status":"closed","template":"","meta":{"_price":"","_stock":"","_tribe_ticket_header":"","_tribe_default_ticket_provider":"","_tribe_ticket_capacity":"0","_ticket_start_date":"","_ticket_end_date":"","_tribe_ticket_show_description":"","_tribe_ticket_show_not_going":false,"_tribe_ticket_use_global_stock":"","_tribe_ticket_global_stock_level":"","_global_stock_mode":"","_global_stock_cap":"","_tribe_rsvp_for_event":"","_tribe_ticket_going_count":"","_tribe_ticket_not_going_count":"","_tribe_tickets_list":"[]","_tribe_ticket_has_attendee_info_fields":false,"footnotes":"","_tec_slr_enabled":"","_tec_slr_layout":""},"class_list":["post-37","page","type-page","status-publish","hentry"],"yoast_head":"<!-- This site is optimized with the Yoast SEO plugin v24.9 - https:\/\/yoast.com\/wordpress\/plugins\/seo\/ -->\n<title>\u00c9lm\u00e9nyprogramok - TiszapartOn<\/title>\n<meta name=\"robots\" content=\"index, follow, max-snippet:-1, max-image-preview:large, max-video-preview:-1\" \/>\n<link rel=\"canonical\" href=\"https:\/\/tiszaparton.hu\/de\/elmenyprogramok\/\" \/>\n<meta property=\"og:locale\" content=\"de_DE\" \/>\n<meta property=\"og:type\" content=\"article\" \/>\n<meta property=\"og:title\" content=\"\u00c9lm\u00e9nyprogramok - TiszapartOn\" \/>\n<meta property=\"og:description\" content=\"a Hortob\u00e1gyi Nemzeti Park ter\u00fclet\u00e9n Programlehet\u0151s\u00e9gek a TiszapartOn Bar\u00e1ti t\u00e1rsas\u00e1goknak, p\u00e1roknak, csal\u00e1doknak, elvonulni v\u00e1gy\u00f3knak. 4.33 by 3 reviews Quality4 Location4.67 Amenities4 Services5 Price4 5 P\u00e1ros Tantra massz\u00e1zs 2 Explore Featured [&hellip;]\" \/>\n<meta property=\"og:url\" content=\"https:\/\/tiszaparton.hu\/de\/elmenyprogramok\/\" \/>\n<meta property=\"og:site_name\" content=\"TiszapartOn\" \/>\n<meta property=\"article:publisher\" content=\"https:\/\/www.facebook.com\/tiszaparton\/\" \/>\n<meta property=\"article:modified_time\" content=\"2023-04-26T14:57:32+00:00\" \/>\n<meta property=\"og:image\" content=\"https:\/\/tiszaparton.hu\/wp-content\/uploads\/2023\/04\/bdsmsessionberlin-scaled.jpg\" \/>\n<meta name=\"twitter:card\" content=\"summary_large_image\" \/>\n<meta name=\"twitter:label1\" content=\"Est. reading time\" \/>\n\t<meta name=\"twitter:data1\" content=\"2\u00a0Minuten\" \/>\n<script type=\"application\/ld+json\" class=\"yoast-schema-graph\">{\"@context\":\"https:\/\/schema.org\",\"@graph\":[{\"@type\":\"WebPage\",\"@id\":\"https:\/\/tiszaparton.hu\/elmenyprogramok\/\",\"url\":\"https:\/\/tiszaparton.hu\/elmenyprogramok\/\",\"name\":\"\u00c9lm\u00e9nyprogramok - TiszapartOn\",\"isPartOf\":{\"@id\":\"https:\/\/tiszaparton.hu\/#website\"},\"primaryImageOfPage\":{\"@id\":\"https:\/\/tiszaparton.hu\/elmenyprogramok\/#primaryimage\"},\"image\":{\"@id\":\"https:\/\/tiszaparton.hu\/elmenyprogramok\/#primaryimage\"},\"thumbnailUrl\":\"https:\/\/tiszaparton.hu\/wp-content\/uploads\/2023\/04\/bdsmsessionberlin-scaled.jpg\",\"datePublished\":\"2022-12-19T01:32:04+00:00\",\"dateModified\":\"2023-04-26T14:57:32+00:00\",\"breadcrumb\":{\"@id\":\"https:\/\/tiszaparton.hu\/elmenyprogramok\/#breadcrumb\"},\"inLanguage\":\"de\",\"potentialAction\":[{\"@type\":\"ReadAction\",\"target\":[\"https:\/\/tiszaparton.hu\/elmenyprogramok\/\"]}]},{\"@type\":\"ImageObject\",\"inLanguage\":\"de\",\"@id\":\"https:\/\/tiszaparton.hu\/elmenyprogramok\/#primaryimage\",\"url\":\"https:\/\/tiszaparton.hu\/wp-content\/uploads\/2023\/04\/bdsmsessionberlin-scaled.jpg\",\"contentUrl\":\"https:\/\/tiszaparton.hu\/wp-content\/uploads\/2023\/04\/bdsmsessionberlin-scaled.jpg\"},{\"@type\":\"BreadcrumbList\",\"@id\":\"https:\/\/tiszaparton.hu\/elmenyprogramok\/#breadcrumb\",\"itemListElement\":[{\"@type\":\"ListItem\",\"position\":1,\"name\":\"F\u0151oldal\",\"item\":\"https:\/\/tiszaparton.hu\/\"},{\"@type\":\"ListItem\",\"position\":2,\"name\":\"\u00c9lm\u00e9nyprogramok\"}]},{\"@type\":\"WebSite\",\"@id\":\"https:\/\/tiszaparton.hu\/#website\",\"url\":\"https:\/\/tiszaparton.hu\/\",\"name\":\"TiszapartOn\",\"description\":\"K\u00f6zvetlen V\u00edzparti Sz\u00e1ll\u00e1shely Priv\u00e1t St\u00e9ggel\",\"publisher\":{\"@id\":\"https:\/\/tiszaparton.hu\/#organization\"},\"potentialAction\":[{\"@type\":\"SearchAction\",\"target\":{\"@type\":\"EntryPoint\",\"urlTemplate\":\"https:\/\/tiszaparton.hu\/?s={search_term_string}\"},\"query-input\":{\"@type\":\"PropertyValueSpecification\",\"valueRequired\":true,\"valueName\":\"search_term_string\"}}],\"inLanguage\":\"de\"},{\"@type\":\"Organization\",\"@id\":\"https:\/\/tiszaparton.hu\/#organization\",\"name\":\"TiszapartOn\",\"url\":\"https:\/\/tiszaparton.hu\/\",\"logo\":{\"@type\":\"ImageObject\",\"inLanguage\":\"de\",\"@id\":\"https:\/\/tiszaparton.hu\/#\/schema\/logo\/image\/\",\"url\":\"https:\/\/tiszaparton.hu\/wp-content\/uploads\/2023\/01\/logo.jpg\",\"contentUrl\":\"https:\/\/tiszaparton.hu\/wp-content\/uploads\/2023\/01\/logo.jpg\",\"width\":395,\"height\":95,\"caption\":\"TiszapartOn\"},\"image\":{\"@id\":\"https:\/\/tiszaparton.hu\/#\/schema\/logo\/image\/\"},\"sameAs\":[\"https:\/\/www.facebook.com\/tiszaparton\/\",\"https:\/\/www.instagram.com\/tiszaparton\/\",\"https:\/\/www.tiktok.com\/@tiszaparton\"]}]}<\/script>\n<!-- \/ Yoast SEO plugin. -->","yoast_head_json":{"title":"\u00c9lm\u00e9nyprogramok - TiszapartOn","robots":{"index":"index","follow":"follow","max-snippet":"max-snippet:-1","max-image-preview":"max-image-preview:large","max-video-preview":"max-video-preview:-1"},"canonical":"https:\/\/tiszaparton.hu\/de\/elmenyprogramok\/","og_locale":"de_DE","og_type":"article","og_title":"\u00c9lm\u00e9nyprogramok - TiszapartOn","og_description":"a Hortob\u00e1gyi Nemzeti Park ter\u00fclet\u00e9n Programlehet\u0151s\u00e9gek a TiszapartOn Bar\u00e1ti t\u00e1rsas\u00e1goknak, p\u00e1roknak, csal\u00e1doknak, elvonulni v\u00e1gy\u00f3knak. 4.33 by 3 reviews Quality4 Location4.67 Amenities4 Services5 Price4 5 P\u00e1ros Tantra massz\u00e1zs 2 Explore Featured [&hellip;]","og_url":"https:\/\/tiszaparton.hu\/de\/elmenyprogramok\/","og_site_name":"TiszapartOn","article_publisher":"https:\/\/www.facebook.com\/tiszaparton\/","article_modified_time":"2023-04-26T14:57:32+00:00","og_image":[{"url":"https:\/\/tiszaparton.hu\/wp-content\/uploads\/2023\/04\/bdsmsessionberlin-scaled.jpg","type":"","width":"","height":""}],"twitter_card":"summary_large_image","twitter_misc":{"Est. reading time":"2\u00a0Minuten"},"schema":{"@context":"https:\/\/schema.org","@graph":[{"@type":"WebPage","@id":"https:\/\/tiszaparton.hu\/elmenyprogramok\/","url":"https:\/\/tiszaparton.hu\/elmenyprogramok\/","name":"\u00c9lm\u00e9nyprogramok - TiszapartOn","isPartOf":{"@id":"https:\/\/tiszaparton.hu\/#website"},"primaryImageOfPage":{"@id":"https:\/\/tiszaparton.hu\/elmenyprogramok\/#primaryimage"},"image":{"@id":"https:\/\/tiszaparton.hu\/elmenyprogramok\/#primaryimage"},"thumbnailUrl":"https:\/\/tiszaparton.hu\/wp-content\/uploads\/2023\/04\/bdsmsessionberlin-scaled.jpg","datePublished":"2022-12-19T01:32:04+00:00","dateModified":"2023-04-26T14:57:32+00:00","breadcrumb":{"@id":"https:\/\/tiszaparton.hu\/elmenyprogramok\/#breadcrumb"},"inLanguage":"de","potentialAction":[{"@type":"ReadAction","target":["https:\/\/tiszaparton.hu\/elmenyprogramok\/"]}]},{"@type":"ImageObject","inLanguage":"de","@id":"https:\/\/tiszaparton.hu\/elmenyprogramok\/#primaryimage","url":"https:\/\/tiszaparton.hu\/wp-content\/uploads\/2023\/04\/bdsmsessionberlin-scaled.jpg","contentUrl":"https:\/\/tiszaparton.hu\/wp-content\/uploads\/2023\/04\/bdsmsessionberlin-scaled.jpg"},{"@type":"BreadcrumbList","@id":"https:\/\/tiszaparton.hu\/elmenyprogramok\/#breadcrumb","itemListElement":[{"@type":"ListItem","position":1,"name":"F\u0151oldal","item":"https:\/\/tiszaparton.hu\/"},{"@type":"ListItem","position":2,"name":"\u00c9lm\u00e9nyprogramok"}]},{"@type":"WebSite","@id":"https:\/\/tiszaparton.hu\/#website","url":"https:\/\/tiszaparton.hu\/","name":"TiszapartOn","description":"K\u00f6zvetlen V\u00edzparti Sz\u00e1ll\u00e1shely Priv\u00e1t St\u00e9ggel","publisher":{"@id":"https:\/\/tiszaparton.hu\/#organization"},"potentialAction":[{"@type":"SearchAction","target":{"@type":"EntryPoint","urlTemplate":"https:\/\/tiszaparton.hu\/?s={search_term_string}"},"query-input":{"@type":"PropertyValueSpecification","valueRequired":true,"valueName":"search_term_string"}}],"inLanguage":"de"},{"@type":"Organization","@id":"https:\/\/tiszaparton.hu\/#organization","name":"TiszapartOn","url":"https:\/\/tiszaparton.hu\/","logo":{"@type":"ImageObject","inLanguage":"de","@id":"https:\/\/tiszaparton.hu\/#\/schema\/logo\/image\/","url":"https:\/\/tiszaparton.hu\/wp-content\/uploads\/2023\/01\/logo.jpg","contentUrl":"https:\/\/tiszaparton.hu\/wp-content\/uploads\/2023\/01\/logo.jpg","width":395,"height":95,"caption":"TiszapartOn"},"image":{"@id":"https:\/\/tiszaparton.hu\/#\/schema\/logo\/image\/"},"sameAs":["https:\/\/www.facebook.com\/tiszaparton\/","https:\/\/www.instagram.com\/tiszaparton\/","https:\/\/www.tiktok.com\/@tiszaparton"]}]}},"ticketed":false,"_links":{"self":[{"href":"https:\/\/tiszaparton.hu\/de\/wp-json\/wp\/v2\/pages\/37","targetHints":{"allow":["GET"]}}],"collection":[{"href":"https:\/\/tiszaparton.hu\/de\/wp-json\/wp\/v2\/pages"}],"about":[{"href":"https:\/\/tiszaparton.hu\/de\/wp-json\/wp\/v2\/types\/page"}],"author":[{"embeddable":true,"href":"https:\/\/tiszaparton.hu\/de\/wp-json\/wp\/v2\/users\/1"}],"replies":[{"embeddable":true,"href":"https:\/\/tiszaparton.hu\/de\/wp-json\/wp\/v2\/comments?post=37"}],"version-history":[{"count":130,"href":"https:\/\/tiszaparton.hu\/de\/wp-json\/wp\/v2\/pages\/37\/revisions"}],"predecessor-version":[{"id":2060,"href":"https:\/\/tiszaparton.hu\/de\/wp-json\/wp\/v2\/pages\/37\/revisions\/2060"}],"wp:attachment":[{"href":"https:\/\/tiszaparton.hu\/de\/wp-json\/wp\/v2\/media?parent=37"}],"curies":[{"name":"wp","href":"https:\/\/api.w.org\/{rel}","templated":true}]}}