{"id":31,"date":"2022-12-19T02:30:57","date_gmt":"2022-12-19T01:30:57","guid":{"rendered":"https:\/\/gaviaspreview.com\/wp\/gowilds\/?page_id=31"},"modified":"2024-06-24T23:41:47","modified_gmt":"2024-06-24T21:41:47","slug":"aktualis-esemenyek","status":"publish","type":"page","link":"https:\/\/tiszaparton.hu\/de\/aktualis-esemenyek\/","title":{"rendered":"Aktu\u00e1lis Esem\u00e9nyek a TiszapartOn"},"content":{"rendered":"<div data-elementor-type=\"wp-page\" data-elementor-id=\"31\" class=\"elementor elementor-31\">\n\t\t\t\t\t\t<section class=\"elementor-section elementor-top-section elementor-element elementor-element-344eea7 elementor-section-boxed elementor-section-height-default elementor-section-height-default\" data-id=\"344eea7\" data-element_type=\"section\" data-settings=\"{&quot;background_background&quot;:&quot;slideshow&quot;,&quot;background_slideshow_gallery&quot;:[{&quot;id&quot;:2816,&quot;url&quot;:&quot;https:\\\/\\\/tiszaparton.hu\\\/wp-content\\\/uploads\\\/2023\\\/06\\\/vizpartiszallasok-scaled.jpeg&quot;},{&quot;id&quot;:2823,&quot;url&quot;:&quot;https:\\\/\\\/tiszaparton.hu\\\/wp-content\\\/uploads\\\/2023\\\/06\\\/kutyabaratszallashely-scaled.jpg&quot;}],&quot;background_slideshow_ken_burns&quot;:&quot;yes&quot;,&quot;background_slideshow_loop&quot;:&quot;yes&quot;,&quot;background_slideshow_slide_duration&quot;:5000,&quot;background_slideshow_slide_transition&quot;:&quot;fade&quot;,&quot;background_slideshow_transition_duration&quot;:500,&quot;background_slideshow_ken_burns_zoom_direction&quot;:&quot;in&quot;}\">\n\t\t\t\t\t\t<div class=\"elementor-container elementor-column-gap-default\">\n\t\t\t\t\t<div class=\"elementor-column elementor-col-100 elementor-top-column elementor-element elementor-element-833e481\" data-id=\"833e481\" data-element_type=\"column\">\n\t\t\t<div class=\"elementor-widget-wrap elementor-element-populated\">\n\t\t\t\t\t\t<div class=\"elementor-element elementor-element-73ad218 elementor-widget elementor-widget-gva-heading-block\" data-id=\"73ad218\" data-element_type=\"widget\" data-widget_type=\"gva-heading-block.default\">\n\t\t\t\t<div class=\"elementor-widget-container\">\n\t\t\t\t\t<div class=\"gva-element-gva-heading-block gva-element\">   <div class=\"align-center style-1 widget gsc-heading box-align-center auto-responsive\">\r\n      <div class=\"content-inner\">\r\n         \r\n                  \r\n         <div class=\"sub-title\"><span class=\"tagline\">Anwesen der Familie Nov\u00e1k<\/span><\/div>  \r\n         \r\n                     <h2 class=\"title\">\r\n               <span>Aktu\u00e1lis Esem\u00e9nyek a TiszapartOn<\/span>\r\n            <\/h2>\r\n                  \r\n                     <div class=\"title-desc\">F\u00fcr jeden anderen, f\u00fcr uns selbst.<\/div>\r\n         \r\n         \r\n      <\/div>\r\n   <\/div>\r\n<\/div>\t\t\t\t<\/div>\n\t\t\t\t<\/div>\n\t\t\t\t\t<\/div>\n\t\t<\/div>\n\t\t\t\t\t<\/div>\n\t\t<\/section>\n\t\t\t\t<section class=\"elementor-section elementor-top-section elementor-element elementor-element-0270396 elementor-section-boxed elementor-section-height-default elementor-section-height-default\" data-id=\"0270396\" data-element_type=\"section\">\n\t\t\t\t\t\t<div class=\"elementor-container elementor-column-gap-default\">\n\t\t\t\t\t<div class=\"elementor-column elementor-col-100 elementor-top-column elementor-element elementor-element-dffb19c\" data-id=\"dffb19c\" data-element_type=\"column\">\n\t\t\t<div class=\"elementor-widget-wrap elementor-element-populated\">\n\t\t\t\t\t\t<div class=\"elementor-element elementor-element-03a4e01 elementor-widget elementor-widget-gva-events\" data-id=\"03a4e01\" data-element_type=\"widget\" data-widget_type=\"gva-events.default\">\n\t\t\t\t<div class=\"elementor-widget-container\">\n\t\t\t\t\t<div class=\"gva-element-gva-events gva-element\"><\/div>\t\t\t\t<\/div>\n\t\t\t\t<\/div>\n\t\t\t\t\t<\/div>\n\t\t<\/div>\n\t\t\t\t\t<\/div>\n\t\t<\/section>\n\t\t\t\t<section class=\"elementor-section elementor-top-section elementor-element elementor-element-3adb9544 elementor-section-boxed elementor-section-height-default elementor-section-height-default\" data-id=\"3adb9544\" data-element_type=\"section\" data-settings=\"{&quot;background_background&quot;:&quot;classic&quot;}\">\n\t\t\t\t\t\t<div class=\"elementor-container elementor-column-gap-default\">\n\t\t\t\t\t<div class=\"elementor-column elementor-col-50 elementor-top-column elementor-element elementor-element-658c475\" data-id=\"658c475\" data-element_type=\"column\" data-settings=\"{&quot;background_background&quot;:&quot;classic&quot;}\">\n\t\t\t<div class=\"elementor-widget-wrap elementor-element-populated\">\n\t\t\t\t\t\t<div class=\"elementor-element elementor-element-2c5baf89 elementor-widget__width-initial elementor-absolute elementor-widget elementor-widget-text-editor\" data-id=\"2c5baf89\" data-element_type=\"widget\" data-settings=\"{&quot;_position&quot;:&quot;absolute&quot;}\" data-widget_type=\"text-editor.default\">\n\t\t\t\t<div class=\"elementor-widget-container\">\n\t\t\t\t\t\t\t\t\t<p>F\u00f3kuszban a Term\u00e9szet \u00e9s Egy\u00e9n<\/p>\t\t\t\t\t\t\t\t<\/div>\n\t\t\t\t<\/div>\n\t\t\t\t<div class=\"elementor-element elementor-element-56602476 elementor-widget elementor-widget-spacer\" data-id=\"56602476\" data-element_type=\"widget\" data-widget_type=\"spacer.default\">\n\t\t\t\t<div class=\"elementor-widget-container\">\n\t\t\t\t\t\t\t<div class=\"elementor-spacer\">\n\t\t\t<div class=\"elementor-spacer-inner\"><\/div>\n\t\t<\/div>\n\t\t\t\t\t\t<\/div>\n\t\t\t\t<\/div>\n\t\t\t\t\t<\/div>\n\t\t<\/div>\n\t\t\t\t<div class=\"elementor-column elementor-col-50 elementor-top-column elementor-element elementor-element-3fe78f7f\" data-id=\"3fe78f7f\" data-element_type=\"column\">\n\t\t\t<div class=\"elementor-widget-wrap elementor-element-populated\">\n\t\t\t\t\t\t<div class=\"elementor-element elementor-element-627bd43 elementor-widget elementor-widget-spacer\" data-id=\"627bd43\" data-element_type=\"widget\" data-widget_type=\"spacer.default\">\n\t\t\t\t<div class=\"elementor-widget-container\">\n\t\t\t\t\t\t\t<div class=\"elementor-spacer\">\n\t\t\t<div class=\"elementor-spacer-inner\"><\/div>\n\t\t<\/div>\n\t\t\t\t\t\t<\/div>\n\t\t\t\t<\/div>\n\t\t\t\t<div class=\"elementor-element elementor-element-633502c5 elementor-widget elementor-widget-gva-heading-block\" data-id=\"633502c5\" data-element_type=\"widget\" data-widget_type=\"gva-heading-block.default\">\n\t\t\t\t<div class=\"elementor-widget-container\">\n\t\t\t\t\t<div class=\"gva-element-gva-heading-block gva-element\">   <div class=\"align-left style-1 widget gsc-heading box-align-left auto-responsive\">\r\n      <div class=\"content-inner\">\r\n         \r\n                  \r\n         <div class=\"sub-title\"><span class=\"tagline\">K\u00f6z\u00f6ss\u00e9gi t\u00e9r. Egym\u00e1s\u00e9rt, \u00f6nmagunk\u00e9rt.<\/span><\/div>  \r\n         \r\n                     <h2 class=\"title\">\r\n               <span>Saj\u00e1t program\u00f6tleted van?<\/span>\r\n            <\/h2>\r\n                  \r\n         \r\n         \r\n      <\/div>\r\n   <\/div>\r\n<\/div>\t\t\t\t<\/div>\n\t\t\t\t<\/div>\n\t\t\t\t<div class=\"elementor-element elementor-element-27323348 elementor-widget elementor-widget-text-editor\" data-id=\"27323348\" data-element_type=\"widget\" data-widget_type=\"text-editor.default\">\n\t\t\t\t<div class=\"elementor-widget-container\">\n\t\t\t\t\t\t\t\t\t<p>\u00c9p\u00edtsd a k\u00f6z\u00f6ss\u00e9ged a TiszapartOn.<\/p>\t\t\t\t\t\t\t\t<\/div>\n\t\t\t\t<\/div>\n\t\t\t\t<div class=\"elementor-element elementor-element-3575d9a7 elementor-widget elementor-widget-text-editor\" data-id=\"3575d9a7\" data-element_type=\"widget\" data-widget_type=\"text-editor.default\">\n\t\t\t\t<div class=\"elementor-widget-container\">\n\t\t\t\t\t\t\t\t\t<p>Sz\u00edvesen fogadunk minden olyan k\u00f6z\u00f6ss\u00e9g\u00e9p\u00edt\u0151 program\u00f6tletet, amivel a term\u00e9szet \u00e9s egy\u00e9n, valamint az egy\u00e9n \u00e9s egy\u00e9n kapcsolat\u00e1t m\u00e9ly\u00edteni tudjuk.<\/p>\t\t\t\t\t\t\t\t<\/div>\n\t\t\t\t<\/div>\n\t\t\t\t<div class=\"elementor-element elementor-element-4cae0dee elementor-widget__width-auto elementor-widget elementor-widget-html\" data-id=\"4cae0dee\" data-element_type=\"widget\" data-widget_type=\"html.default\">\n\t\t\t\t<div class=\"elementor-widget-container\">\n\t\t\t\t\t<a class=\"btn-theme\" href=\"https:\/\/tiszaparton.hu\/de\/kapcsolat\/\">\n    Kontakt\n<\/a>\t\t\t\t<\/div>\n\t\t\t\t<\/div>\n\t\t\t\t\t<\/div>\n\t\t<\/div>\n\t\t\t\t\t<\/div>\n\t\t<\/section>\n\t\t\t\t<\/div>","protected":false},"excerpt":{"rendered":"<p>Nov\u00e1k Csal\u00e1di Birtok Aktu\u00e1lis Esem\u00e9nyek a TiszapartOn Egym\u00e1s\u00e9rt, \u00f6nmagunk\u00e9rt. 05 okt okt\u00f3ber 5 &#8211; okt\u00f3ber 6 Nagysz\u00f6geleje utca 36 Tiszap\u00fcsp\u00f6ki, J\u00e1sz-Nagykun-Szolnok 5000 Hungary + Google T\u00e9rk\u00e9p 2. T\u0171z\u00f6nj\u00e1r\u00e1s a TiszapartOn [&hellip;]<\/p>","protected":false},"author":1,"featured_media":0,"parent":0,"menu_order":0,"comment_status":"closed","ping_status":"closed","template":"","meta":{"_price":"","_stock":"","_tribe_ticket_header":"","_tribe_default_ticket_provider":"","_tribe_ticket_capacity":"0","_ticket_start_date":"","_ticket_end_date":"","_tribe_ticket_show_description":"","_tribe_ticket_show_not_going":false,"_tribe_ticket_use_global_stock":"","_tribe_ticket_global_stock_level":"","_global_stock_mode":"","_global_stock_cap":"","_tribe_rsvp_for_event":"","_tribe_ticket_going_count":"","_tribe_ticket_not_going_count":"","_tribe_tickets_list":"[]","_tribe_ticket_has_attendee_info_fields":false,"footnotes":"","_tec_slr_enabled":"","_tec_slr_layout":""},"class_list":["post-31","page","type-page","status-publish","hentry"],"yoast_head":"<!-- This site is optimized with the Yoast SEO plugin v24.9 - https:\/\/yoast.com\/wordpress\/plugins\/seo\/ -->\n<title>Aktu\u00e1lis Esem\u00e9nyek a TiszapartOn - TiszapartOn<\/title>\n<meta name=\"robots\" content=\"index, follow, max-snippet:-1, max-image-preview:large, max-video-preview:-1\" \/>\n<link rel=\"canonical\" href=\"https:\/\/tiszaparton.hu\/de\/aktualis-esemenyek\/\" \/>\n<meta property=\"og:locale\" content=\"de_DE\" \/>\n<meta property=\"og:type\" content=\"article\" \/>\n<meta property=\"og:title\" content=\"Aktu\u00e1lis Esem\u00e9nyek a TiszapartOn - TiszapartOn\" \/>\n<meta property=\"og:description\" content=\"Nov\u00e1k Csal\u00e1di Birtok Aktu\u00e1lis Esem\u00e9nyek a TiszapartOn Egym\u00e1s\u00e9rt, \u00f6nmagunk\u00e9rt. 05 okt okt\u00f3ber 5 &#8211; okt\u00f3ber 6 Nagysz\u00f6geleje utca 36 Tiszap\u00fcsp\u00f6ki, J\u00e1sz-Nagykun-Szolnok 5000 Hungary + Google T\u00e9rk\u00e9p 2. T\u0171z\u00f6nj\u00e1r\u00e1s a TiszapartOn [&hellip;]\" \/>\n<meta property=\"og:url\" content=\"https:\/\/tiszaparton.hu\/de\/aktualis-esemenyek\/\" \/>\n<meta property=\"og:site_name\" content=\"TiszapartOn\" \/>\n<meta property=\"article:publisher\" content=\"https:\/\/www.facebook.com\/tiszaparton\/\" \/>\n<meta property=\"article:modified_time\" content=\"2024-06-24T21:41:47+00:00\" \/>\n<meta property=\"og:image\" content=\"https:\/\/tiszaparton.hu\/wp-content\/uploads\/2023\/09\/tuzonjaras--500x360.jpeg\" \/>\n<meta name=\"twitter:card\" content=\"summary_large_image\" \/>\n<meta name=\"twitter:label1\" content=\"Est. reading time\" \/>\n\t<meta name=\"twitter:data1\" content=\"1\u00a0Minute\" \/>\n<script type=\"application\/ld+json\" class=\"yoast-schema-graph\">{\"@context\":\"https:\/\/schema.org\",\"@graph\":[{\"@type\":\"WebPage\",\"@id\":\"https:\/\/tiszaparton.hu\/aktualis-esemenyek\/\",\"url\":\"https:\/\/tiszaparton.hu\/aktualis-esemenyek\/\",\"name\":\"Aktu\u00e1lis Esem\u00e9nyek a TiszapartOn - TiszapartOn\",\"isPartOf\":{\"@id\":\"https:\/\/tiszaparton.hu\/#website\"},\"primaryImageOfPage\":{\"@id\":\"https:\/\/tiszaparton.hu\/aktualis-esemenyek\/#primaryimage\"},\"image\":{\"@id\":\"https:\/\/tiszaparton.hu\/aktualis-esemenyek\/#primaryimage\"},\"thumbnailUrl\":\"https:\/\/tiszaparton.hu\/wp-content\/uploads\/2023\/09\/tuzonjaras--500x360.jpeg\",\"datePublished\":\"2022-12-19T01:30:57+00:00\",\"dateModified\":\"2024-06-24T21:41:47+00:00\",\"breadcrumb\":{\"@id\":\"https:\/\/tiszaparton.hu\/aktualis-esemenyek\/#breadcrumb\"},\"inLanguage\":\"de\",\"potentialAction\":[{\"@type\":\"ReadAction\",\"target\":[\"https:\/\/tiszaparton.hu\/aktualis-esemenyek\/\"]}]},{\"@type\":\"ImageObject\",\"inLanguage\":\"de\",\"@id\":\"https:\/\/tiszaparton.hu\/aktualis-esemenyek\/#primaryimage\",\"url\":\"https:\/\/tiszaparton.hu\/wp-content\/uploads\/2023\/09\/tuzonjaras--500x360.jpeg\",\"contentUrl\":\"https:\/\/tiszaparton.hu\/wp-content\/uploads\/2023\/09\/tuzonjaras--500x360.jpeg\"},{\"@type\":\"BreadcrumbList\",\"@id\":\"https:\/\/tiszaparton.hu\/aktualis-esemenyek\/#breadcrumb\",\"itemListElement\":[{\"@type\":\"ListItem\",\"position\":1,\"name\":\"F\u0151oldal\",\"item\":\"https:\/\/tiszaparton.hu\/\"},{\"@type\":\"ListItem\",\"position\":2,\"name\":\"Aktu\u00e1lis Esem\u00e9nyek a TiszapartOn\"}]},{\"@type\":\"WebSite\",\"@id\":\"https:\/\/tiszaparton.hu\/#website\",\"url\":\"https:\/\/tiszaparton.hu\/\",\"name\":\"TiszapartOn\",\"description\":\"K\u00f6zvetlen V\u00edzparti Sz\u00e1ll\u00e1shely Priv\u00e1t St\u00e9ggel\",\"publisher\":{\"@id\":\"https:\/\/tiszaparton.hu\/#organization\"},\"potentialAction\":[{\"@type\":\"SearchAction\",\"target\":{\"@type\":\"EntryPoint\",\"urlTemplate\":\"https:\/\/tiszaparton.hu\/?s={search_term_string}\"},\"query-input\":{\"@type\":\"PropertyValueSpecification\",\"valueRequired\":true,\"valueName\":\"search_term_string\"}}],\"inLanguage\":\"de\"},{\"@type\":\"Organization\",\"@id\":\"https:\/\/tiszaparton.hu\/#organization\",\"name\":\"TiszapartOn\",\"url\":\"https:\/\/tiszaparton.hu\/\",\"logo\":{\"@type\":\"ImageObject\",\"inLanguage\":\"de\",\"@id\":\"https:\/\/tiszaparton.hu\/#\/schema\/logo\/image\/\",\"url\":\"https:\/\/tiszaparton.hu\/wp-content\/uploads\/2023\/01\/logo.jpg\",\"contentUrl\":\"https:\/\/tiszaparton.hu\/wp-content\/uploads\/2023\/01\/logo.jpg\",\"width\":395,\"height\":95,\"caption\":\"TiszapartOn\"},\"image\":{\"@id\":\"https:\/\/tiszaparton.hu\/#\/schema\/logo\/image\/\"},\"sameAs\":[\"https:\/\/www.facebook.com\/tiszaparton\/\",\"https:\/\/www.instagram.com\/tiszaparton\/\",\"https:\/\/www.tiktok.com\/@tiszaparton\"]}]}<\/script>\n<!-- \/ Yoast SEO plugin. -->","yoast_head_json":{"title":"Aktu\u00e1lis Esem\u00e9nyek a TiszapartOn - TiszapartOn","robots":{"index":"index","follow":"follow","max-snippet":"max-snippet:-1","max-image-preview":"max-image-preview:large","max-video-preview":"max-video-preview:-1"},"canonical":"https:\/\/tiszaparton.hu\/de\/aktualis-esemenyek\/","og_locale":"de_DE","og_type":"article","og_title":"Aktu\u00e1lis Esem\u00e9nyek a TiszapartOn - TiszapartOn","og_description":"Nov\u00e1k Csal\u00e1di Birtok Aktu\u00e1lis Esem\u00e9nyek a TiszapartOn Egym\u00e1s\u00e9rt, \u00f6nmagunk\u00e9rt. 05 okt okt\u00f3ber 5 &#8211; okt\u00f3ber 6 Nagysz\u00f6geleje utca 36 Tiszap\u00fcsp\u00f6ki, J\u00e1sz-Nagykun-Szolnok 5000 Hungary + Google T\u00e9rk\u00e9p 2. T\u0171z\u00f6nj\u00e1r\u00e1s a TiszapartOn [&hellip;]","og_url":"https:\/\/tiszaparton.hu\/de\/aktualis-esemenyek\/","og_site_name":"TiszapartOn","article_publisher":"https:\/\/www.facebook.com\/tiszaparton\/","article_modified_time":"2024-06-24T21:41:47+00:00","og_image":[{"url":"https:\/\/tiszaparton.hu\/wp-content\/uploads\/2023\/09\/tuzonjaras--500x360.jpeg","type":"","width":"","height":""}],"twitter_card":"summary_large_image","twitter_misc":{"Est. reading time":"1\u00a0Minute"},"schema":{"@context":"https:\/\/schema.org","@graph":[{"@type":"WebPage","@id":"https:\/\/tiszaparton.hu\/aktualis-esemenyek\/","url":"https:\/\/tiszaparton.hu\/aktualis-esemenyek\/","name":"Aktu\u00e1lis Esem\u00e9nyek a TiszapartOn - TiszapartOn","isPartOf":{"@id":"https:\/\/tiszaparton.hu\/#website"},"primaryImageOfPage":{"@id":"https:\/\/tiszaparton.hu\/aktualis-esemenyek\/#primaryimage"},"image":{"@id":"https:\/\/tiszaparton.hu\/aktualis-esemenyek\/#primaryimage"},"thumbnailUrl":"https:\/\/tiszaparton.hu\/wp-content\/uploads\/2023\/09\/tuzonjaras--500x360.jpeg","datePublished":"2022-12-19T01:30:57+00:00","dateModified":"2024-06-24T21:41:47+00:00","breadcrumb":{"@id":"https:\/\/tiszaparton.hu\/aktualis-esemenyek\/#breadcrumb"},"inLanguage":"de","potentialAction":[{"@type":"ReadAction","target":["https:\/\/tiszaparton.hu\/aktualis-esemenyek\/"]}]},{"@type":"ImageObject","inLanguage":"de","@id":"https:\/\/tiszaparton.hu\/aktualis-esemenyek\/#primaryimage","url":"https:\/\/tiszaparton.hu\/wp-content\/uploads\/2023\/09\/tuzonjaras--500x360.jpeg","contentUrl":"https:\/\/tiszaparton.hu\/wp-content\/uploads\/2023\/09\/tuzonjaras--500x360.jpeg"},{"@type":"BreadcrumbList","@id":"https:\/\/tiszaparton.hu\/aktualis-esemenyek\/#breadcrumb","itemListElement":[{"@type":"ListItem","position":1,"name":"F\u0151oldal","item":"https:\/\/tiszaparton.hu\/"},{"@type":"ListItem","position":2,"name":"Aktu\u00e1lis Esem\u00e9nyek a TiszapartOn"}]},{"@type":"WebSite","@id":"https:\/\/tiszaparton.hu\/#website","url":"https:\/\/tiszaparton.hu\/","name":"TiszapartOn","description":"K\u00f6zvetlen V\u00edzparti Sz\u00e1ll\u00e1shely Priv\u00e1t St\u00e9ggel","publisher":{"@id":"https:\/\/tiszaparton.hu\/#organization"},"potentialAction":[{"@type":"SearchAction","target":{"@type":"EntryPoint","urlTemplate":"https:\/\/tiszaparton.hu\/?s={search_term_string}"},"query-input":{"@type":"PropertyValueSpecification","valueRequired":true,"valueName":"search_term_string"}}],"inLanguage":"de"},{"@type":"Organization","@id":"https:\/\/tiszaparton.hu\/#organization","name":"TiszapartOn","url":"https:\/\/tiszaparton.hu\/","logo":{"@type":"ImageObject","inLanguage":"de","@id":"https:\/\/tiszaparton.hu\/#\/schema\/logo\/image\/","url":"https:\/\/tiszaparton.hu\/wp-content\/uploads\/2023\/01\/logo.jpg","contentUrl":"https:\/\/tiszaparton.hu\/wp-content\/uploads\/2023\/01\/logo.jpg","width":395,"height":95,"caption":"TiszapartOn"},"image":{"@id":"https:\/\/tiszaparton.hu\/#\/schema\/logo\/image\/"},"sameAs":["https:\/\/www.facebook.com\/tiszaparton\/","https:\/\/www.instagram.com\/tiszaparton\/","https:\/\/www.tiktok.com\/@tiszaparton"]}]}},"ticketed":false,"_links":{"self":[{"href":"https:\/\/tiszaparton.hu\/de\/wp-json\/wp\/v2\/pages\/31","targetHints":{"allow":["GET"]}}],"collection":[{"href":"https:\/\/tiszaparton.hu\/de\/wp-json\/wp\/v2\/pages"}],"about":[{"href":"https:\/\/tiszaparton.hu\/de\/wp-json\/wp\/v2\/types\/page"}],"author":[{"embeddable":true,"href":"https:\/\/tiszaparton.hu\/de\/wp-json\/wp\/v2\/users\/1"}],"replies":[{"embeddable":true,"href":"https:\/\/tiszaparton.hu\/de\/wp-json\/wp\/v2\/comments?post=31"}],"version-history":[{"count":54,"href":"https:\/\/tiszaparton.hu\/de\/wp-json\/wp\/v2\/pages\/31\/revisions"}],"predecessor-version":[{"id":3659,"href":"https:\/\/tiszaparton.hu\/de\/wp-json\/wp\/v2\/pages\/31\/revisions\/3659"}],"wp:attachment":[{"href":"https:\/\/tiszaparton.hu\/de\/wp-json\/wp\/v2\/media?parent=31"}],"curies":[{"name":"wp","href":"https:\/\/api.w.org\/{rel}","templated":true}]}}